{"id":1782,"date":"2022-12-21T10:22:07","date_gmt":"2022-12-21T09:22:07","guid":{"rendered":"https:\/\/partybusmieten.de\/agb\/"},"modified":"2026-01-19T14:45:25","modified_gmt":"2026-01-19T13:45:25","slug":"agb","status":"publish","type":"page","link":"https:\/\/partybusmieten.de\/en\/agb\/","title":{"rendered":"AGB"},"content":{"rendered":"<p>[et_pb_section fb_built=&#8221;1&#8243; _builder_version=&#8221;4.19.4&#8243; _module_preset=&#8221;default&#8221; custom_padding=&#8221;25px||25px||true|false&#8221; global_colors_info=&#8221;{}&#8221;][et_pb_row _builder_version=&#8221;4.19.4&#8243; _module_preset=&#8221;default&#8221; custom_padding=&#8221;0px||||false|false&#8221; global_colors_info=&#8221;{}&#8221;][et_pb_column type=&#8221;4_4&#8243; _builder_version=&#8221;4.19.4&#8243; _module_preset=&#8221;default&#8221; global_colors_info=&#8221;{}&#8221;][et_pb_blurb title=&#8221;Allgemeine Gesch\u00e4ftsbedingungen&#8221; image=&#8221;https:\/\/partybusmieten.de\/wp-content\/uploads\/2022\/12\/PartybusMieten.de-Logo-Neu-1.png&#8221; alt=&#8221;Gelber amerikanischer Schulbus auf schwarzem Hintergrund&#8221; image_icon_width=&#8221;50%&#8221; _builder_version=&#8221;4.19.4&#8243; _module_preset=&#8221;default&#8221; header_level=&#8221;h1&#8243; header_font=&#8221;Oswald||||||||&#8221; header_text_align=&#8221;center&#8221; header_text_color=&#8221;#000000&#8243; header_font_size=&#8221;28px&#8221; animation=&#8221;off&#8221; hover_enabled=&#8221;0&#8243; header_font_size_tablet=&#8221;25px&#8221; header_font_size_phone=&#8221;21px&#8221; header_font_size_last_edited=&#8221;on|tablet&#8221; global_colors_info=&#8221;{}&#8221; url=&#8221;https:\/\/partybusmieten.de\/&#8221; link_option_url=&#8221;https:\/\/partybusmieten.de\/&#8221; sticky_enabled=&#8221;0&#8243;][\/et_pb_blurb][et_pb_text _builder_version=&#8221;4.19.4&#8243; _module_preset=&#8221;default&#8221; text_font=&#8221;Roboto||||||||&#8221; global_colors_info=&#8221;{}&#8221;]<\/p>\n<p style=\"text-align: left;\">Die nachstehenden allgemeinen Gesch\u00e4ftsbedingungen gelten f\u00fcr alle Veranstaltungen und Fahrten, die \u00fcber das Verkehrsunternehmen Alexander Morstadt Partybus &amp; Event Shuttle Service, auch genannt Partybus Mieten, gebucht oder durch einen unserer Partner vermittelt wurden.<\/p>\n<p>&nbsp;<\/p>\n<p><strong>Abschluss des Vertrages<\/strong><\/p>\n<p><strong><\/strong>Die Buchung muss per E-Mail oder schriftlich per Briefpost erfolgen. Nach Eingang erh\u00e4lt der Auftraggeber von Partybus Mieten eine Buchungsbest\u00e4tigung.<\/p>\n<p>&nbsp;<\/p>\n<p><strong>Leistungen<\/strong><\/p>\n<p>Die vertraglichen Leistungen richten sich nach dem schriftlichen Angebot.<\/p>\n<p>&nbsp;<\/p>\n<p><strong>R\u00fccktritt des Auftraggebers<\/strong><\/p>\n<p>Der Auftraggeber kann jederzeit vom Vertrag zur\u00fccktreten. Der R\u00fccktritt soll\/muss schriftlich erkl\u00e4rt werden. Partybus Mieten ist berechtigt, eine R\u00fccktrittspauschale als Ausfallentgelt geltend zu machen, die auf den anfallenden Buchungspreis in Prozent wie folgt berechnet wird: Bei einem R\u00fccktritt bis zum vierten Werktag vor Buchungsbeginn 50% des Gesamtpreises. Weniger als vier Werktage vor Buchungsbeginn, bei Nichterscheinen und Stornierung nach Beginn 100% des Gesamtpreises. \u00a7309 BGB 5b bleibt unber\u00fchrt.<\/p>\n<p>&nbsp;<\/p>\n<p><strong>St\u00f6rung durch den Auftraggeber<\/strong><\/p>\n<p>Allen Anweisungen des Fahrers oder unseres Personals ist Folge zu leisten. Partybus Mieten kann den Vertrag fristlos k\u00fcndigen, wenn der Auftraggeber trotz Ermahnung weiter erheblich st\u00f6rt, sodass seine Teilnahme nicht mehr zumutbar ist. Partybus Mieten steht in diesem Fall der volle Preis zu. Schadenersatzanspr\u00fcche im \u00dcbrigen bleiben unber\u00fchrt.<\/p>\n<p>&nbsp;<\/p>\n<p><strong>Mindestumsatz und Pauschalangebote<\/strong><\/p>\n<p>Sollte ein vereinbarter Mindestumsatz nicht erreicht werden, so wird dieser Mindestumsatz dem Buchenden im vollen Umfang in Rechnung gestellt. Werden die angebotenen Leistungen im Pauschalangebot nicht alle ben\u00f6tigt, werden diese in vollem Umfang in Rechnung gestellt.<\/p>\n<p>&nbsp;<\/p>\n<p><strong>Rechnungseinw\u00e4nde<\/p>\n<p><\/strong>Einw\u00e4nde gegen die von Partybus Mieten gestellte Rechnung sind innerhalb von vier Wochen nach Rechnungsdatum bei Partybus Mieten schriftlich anzuzeigen. Sp\u00e4tere Einw\u00e4nde finden keine Ber\u00fccksichtigung.<\/p>\n<p>&nbsp;<\/p>\n<p><strong>Anspr\u00fcche<\/strong><\/p>\n<p>Anspr\u00fcche wegen mangelnder Leistungen, nachtr\u00e4gliche Unm\u00f6glichkeit und wegen Verletzung der Nebenpflichten hat der Buchende innerhalb von vier Wochen nach vertraglich vorgesehener Beendigung des Events gegen\u00fcber Partybus Mieten geltend zu machen.<\/p>\n<p>&nbsp;<\/p>\n<p><strong>Ausfall von Fahrzeugen<\/strong><\/p>\n<p>Bei unseren Fahrzeugen handelt es sich um Spezialfahrzeuge. Kurzfristige Ausf\u00e4lle, Defekte oder Unf\u00e4lle sind leider nicht auszuschlie\u00dfen. Bei Eintritt eines Ausfalls bem\u00fcht sich Partybus Mieten um ad\u00e4quaten Ersatz, dieser kann jedoch nicht grunds\u00e4tzlich garantiert werden.<\/p>\n<p>&nbsp;<\/p>\n<p><strong>Zahlung<\/strong><\/p>\n<p>Nach der Buchung kann der Gesamtpreis auf das in der Buchungsbest\u00e4tigung angegebene Konto \u00fcberwiesen werden. Wird nicht vorab \u00fcberwiesen, ist die Summe bei Eventbeginn zu zahlen. Wird der Betrag nicht rechtzeitig bezahlt, ist Partybus Mieten berechtigt, vom Vertrag zur\u00fcckzutreten. In diesem Fall erhebt Partybus Mieten die oben genannten R\u00fccktrittskosten (Stornogeb\u00fchren).<\/p>\n<p>&nbsp;<\/p>\n<p><strong>Fahrzeugverschmutzungen und Besch\u00e4digungen<\/strong><\/p>\n<p>Die Reinigung au\u00dfergew\u00f6hnlich stark verschmutzter Fahrzeuge wird dem Auftraggeber in Rechnung gestellt. Eventuelle Besch\u00e4digungen durch den Auftraggeber oder Dritte an und in den Fahrzeugen gehen im Ganzen zu Lasten des Auftraggebers.<\/p>\n<p>&nbsp;<\/p>\n<p><strong>Gerichtsstand<\/strong><\/p>\n<p>Partybus Mieten kann nur an dessen Sitz verklagt werden. F\u00fcr Klagen von Partybus Mieten gegen den Auftraggeber ist der Wohnsitz des Auftraggebers ma\u00dfgeblich, es sei denn, dass die Klage sich gegen Vollkaufleute oder Personen richtet, die nach Abschluss des Vertrages ihren Wohnsitz oder gew\u00f6hnlichen Aufenthaltsort ins Ausland verlegt haben oder deren Wohnsitz oder gew\u00f6hnlicher Aufenthaltsort zum Zeitpunkt der Klageerhebung nicht bekannt ist. In diesen F\u00e4llen ist der Sitz von Partybus Mieten ma\u00dfgeblich.<\/p>\n<p>&nbsp;<\/p>\n<p><strong>Sonstige Bestimmungen und Vereinbarungen<\/strong><\/p>\n<p>Diese Bedingungen gelten, soweit nicht schriftlich individuelle Vereinbarungen getroffen werden. Die Unwirksamkeit einzelner Bestimmungen hat nicht die Unwirksamkeit des gesamten Vertrages zur Folge. Die Anwendung deutschen Rechts wird vereinbart.<\/p>\n<p>[\/et_pb_text][\/et_pb_column][\/et_pb_row][\/et_pb_section]<\/p>\n","protected":false},"excerpt":{"rendered":"<p>Die nachstehenden allgemeinen Gesch\u00e4ftsbedingungen gelten f\u00fcr alle Veranstaltungen und Fahrten, die \u00fcber das Verkehrsunternehmen Alexander Morstadt Partybus &amp; Event Shuttle Service, auch genannt Partybus Mieten, gebucht oder durch einen unserer Partner vermittelt wurden. &nbsp; Abschluss des Vertrages Die Buchung muss per E-Mail oder schriftlich per Briefpost erfolgen. Nach Eingang erh\u00e4lt der Auftraggeber von Partybus Mieten [&hellip;]<\/p>\n","protected":false},"author":1,"featured_media":0,"parent":0,"menu_order":0,"comment_status":"closed","ping_status":"closed","template":"","meta":{"_et_pb_use_builder":"on","_et_pb_old_content":"","_et_gb_content_width":"","footnotes":""},"class_list":["post-1782","page","type-page","status-publish","hentry"],"_links":{"self":[{"href":"https:\/\/partybusmieten.de\/en\/wp-json\/wp\/v2\/pages\/1782","targetHints":{"allow":["GET"]}}],"collection":[{"href":"https:\/\/partybusmieten.de\/en\/wp-json\/wp\/v2\/pages"}],"about":[{"href":"https:\/\/partybusmieten.de\/en\/wp-json\/wp\/v2\/types\/page"}],"author":[{"embeddable":true,"href":"https:\/\/partybusmieten.de\/en\/wp-json\/wp\/v2\/users\/1"}],"replies":[{"embeddable":true,"href":"https:\/\/partybusmieten.de\/en\/wp-json\/wp\/v2\/comments?post=1782"}],"version-history":[{"count":0,"href":"https:\/\/partybusmieten.de\/en\/wp-json\/wp\/v2\/pages\/1782\/revisions"}],"wp:attachment":[{"href":"https:\/\/partybusmieten.de\/en\/wp-json\/wp\/v2\/media?parent=1782"}],"curies":[{"name":"wp","href":"https:\/\/api.w.org\/{rel}","templated":true}]}}